{"id":739,"date":"2015-10-30T16:25:43","date_gmt":"2015-10-30T14:25:43","guid":{"rendered":"http:\/\/avenakodumasinad.ee\/?page_id=739&#038;lang=ru"},"modified":"2019-09-02T15:00:20","modified_gmt":"2019-09-02T12:00:20","slug":"%d1%83%d1%81%d0%bb%d1%83%d0%b3%d0%b8","status":"publish","type":"page","link":"https:\/\/avenakodumasinad.ee\/ru\/%d1%83%d1%81%d0%bb%d1%83%d0%b3%d0%b8\/","title":{"rendered":"\u0423\u0441\u043b\u0443\u0433\u0438"},"content":{"rendered":"<div id=\"x-section-1\" class=\"x-section left-text\" style=\"margin: 0px 0px 0px 0px; padding: 0% 0px 10% 0px;  background-color: #ffffff;\" ><div id=\"\" class=\"x-container max width marginless-columns\" style=\"margin: 0px auto 0px auto; padding: 0px 0px 0px 0px; \" ><div  class=\"x-column x-sm x-1-1\" style=\"padding: 0px 0px 0px 0px; \" ><h2  class=\"h-custom-headline left-text man h1\" ><span>Teenused<\/span><\/h2><\/div><\/div><div id=\"\" class=\"x-container max width\" style=\"margin: 45px auto 0px auto; padding: 0px 0px 0px 0px; \" ><div  class=\"x-column x-sm x-1-1\" style=\"padding: 0px 0px 0px 0px; \" ><i  class=\"x-icon x-icon-money\" style=\"text-align: center;      color: #E5521C; display: block; font-size: 3em; line-height: 1;\" data-x-icon-s=\"&#xf3d1;\" aria-hidden=\"true\"><\/i><h3  class=\"h-custom-headline h3\" style=\"margin: 0.75em 0; font-size: 1.35em; letter-spacing: 0.1em; text-transform: uppercase;\"><span>Hinnad<\/span><\/h3><div id=\"\" class=\"x-text\" style=\"\" ><h6 class=\"man\">Teenuste hinnad:<\/h6>\n<\/div><div id=\"\" class=\"x-text\" style=\"\" ><table class=\"price-table\">\n<tbody>\n<tr>\n<td>Visiidi tasu Tallinna piires + defekteerimine<\/td>\n<td>25.-<\/td>\n<\/tr>\n<tr>\n<td>Defekteerimine t\u00f6\u00f6kojas (p\u00f5hjalik)<\/td>\n<td>15.-<\/td>\n<\/tr>\n<tr>\n<td>Remondit\u00f6\u00f6 tund kliendi juures (miinimum 30 min.)<\/td>\n<td>15.-<\/td>\n<\/tr>\n<tr>\n<td>Remondit\u00f6\u00f6 tund t\u00f6\u00f6kojas (miinimum 30 min.)<\/td>\n<td>15.-<\/td>\n<\/tr>\n<tr>\n<td>Pesumasina paigaldus (olenevalt t\u00f6\u00f6 mahust)<\/td>\n<td>alates 5.-<\/td>\n<\/tr>\n<tr>\n<td>Elektripliidi paigaldus (olenevalt t\u00f6\u00f6 mahust)<\/td>\n<td>alates 10.-<\/td>\n<\/tr>\n<tr>\n<td>Garantii ajal vale v\u00e4ljakutse Tallinna piires<\/td>\n<td>20.-<\/td>\n<\/tr>\n<tr>\n<td>Kodumasina hoiustamine t\u00f6\u00f6kojas (1 n\u00e4dal)<\/td>\n<td>10.-<\/td>\n<\/tr>\n<\/tbody>\n<\/table>\n<\/div><hr  class=\"x-gap x-hide-xl x-hide-lg x-hide-md \" style=\"margin: 45px 0 0 0;\"><\/div><\/div><div id=\"\" class=\"x-container max width\" style=\"margin: 45px auto 0px auto; padding: 0px 0px 0px 0px; \" ><div  class=\"x-column x-sm x-1-2\" style=\"padding: 0px 0px 0px 0px; \" ><i  class=\"x-icon x-icon-truck\" style=\"text-align: center;      color: #E5521C; display: block; font-size: 3em; line-height: 1;\" data-x-icon-s=\"&#xf0d1;\" aria-hidden=\"true\"><\/i><h3  class=\"h-custom-headline h3\" style=\"margin: 0.75em 0; font-size: 1.35em; letter-spacing: 0.1em; text-transform: uppercase;\"><span>Kojuvedu<\/span><\/h3><div id=\"\" class=\"x-text\" style=\"\" ><\/div><div id=\"\" class=\"x-text\" style=\"\" ><\/div><hr  class=\"x-gap x-hide-xl x-hide-lg x-hide-md \" style=\"margin: 45px 0 0 0;\"><\/div><div  class=\"x-column x-sm x-1-2\" style=\"padding: 0px 0px 0px 0px; \" ><i  class=\"x-icon x-icon-wrench\" style=\"text-align: center;      color: #E5521C; display: block; font-size: 3em; line-height: 1;\" data-x-icon-s=\"&#xf0ad;\" aria-hidden=\"true\"><\/i><h3  class=\"h-custom-headline h3\" style=\"margin: 0.75em 0; font-size: 1.35em; letter-spacing: 0.1em; text-transform: uppercase;\"><span>Remont<\/span><\/h3><div id=\"\" class=\"x-text\" style=\"\" ><\/div><\/div><\/div><\/div>\n<table class=\"delivery-table\">\n<tbody>\n<tr>\n<td colspan=\"2\">\n<h6 class=\"man\">Pakume Teile transporditeenust:<\/h6>\n<\/td>\n<\/tr>\n<tr>\n<td>Tallinna piires<\/td>\n<td>15.- \u20ac (majani)<\/td>\n<\/tr>\n<tr>\n<td>V\u00e4ljaspool Tallinna lisandub<\/td>\n<td>0,50.- \u20ac \/ KM. eest<\/td>\n<\/tr>\n<tr>\n<td>Tallinna piires+tuppa toomine<\/td>\n<td>25.- \u20ac<\/td>\n<\/tr>\n<tr>\n<td colspan=\"2\">\n<h6 class=\"man\">Paigaldus:<\/h6>\n<\/td>\n<\/tr>\n<tr>\n<td>Pesumasinad<\/td>\n<td>hind alates 5.- \u20ac<\/td>\n<\/tr>\n<tr>\n<td>Pesukuivatid<\/td>\n<td>hind alates 10.- \u20ac<\/td>\n<\/tr>\n<tr>\n<td>N\u00f5udepesumasinad<\/td>\n<td>hind alates 20.- \u20ac<\/td>\n<\/tr>\n<tr>\n<td>Pliidid<\/td>\n<td>hind alates 10.- \u20ac<\/td>\n<\/tr>\n<tr>\n<td colspan=\"2\">\n<h6 class=\"man\">Telefoni nr: <a href=\"tel:5101296\">5101296<\/a><\/h6>\n<\/td>\n<\/tr>\n<tr>\n<td>V\u00e4ljakutse<\/td>\n<td>Tallinnas 25.-<\/td>\n<\/tr>\n<tr>\n<td>Kohapeal<\/td>\n<td>Remondi t\u00f6\u00f6koda asub Kadaka tee 5<\/td>\n<\/tr>\n<\/tbody>\n<\/table>\n","protected":false},"excerpt":{"rendered":"<p>Pakume Teile transporditeenust: Tallinna piires 15.- \u20ac (majani) V\u00e4ljaspool Tallinna lisandub 0,50.- \u20ac \/ KM. eest Tallinna piires+tuppa toomine 25.- \u20ac Paigaldus: Pesumasinad hind alates 5.- \u20ac Pesukuivatid hind alates 10.- \u20ac N\u00f5udepesumasinad hind alates 20.- \u20ac Pliidid hind alates 10.- \u20ac Telefoni nr: 5101296 V\u00e4ljakutse Tallinnas 25.- Kohapeal Remondi t\u00f6\u00f6koda asub Kadaka tee 5<\/p>\n","protected":false},"author":1,"featured_media":0,"parent":0,"menu_order":0,"comment_status":"open","ping_status":"open","template":"template-layout-full-width.php","meta":{"footnotes":""},"class_list":["post-739","page","type-page","status-publish","hentry","no-post-thumbnail"],"yoast_head":"<!-- This site is optimized with the Yoast SEO plugin v26.8 - https:\/\/yoast.com\/product\/yoast-seo-wordpress\/ -->\n<title>\u0423\u0441\u043b\u0443\u0433\u0438 - Avena Kodumasinad<\/title>\n<meta name=\"robots\" content=\"index, follow, max-snippet:-1, max-image-preview:large, max-video-preview:-1\" \/>\n<link rel=\"canonical\" href=\"https:\/\/avenakodumasinad.ee\/ru\/%d1%83%d1%81%d0%bb%d1%83%d0%b3%d0%b8\/\" \/>\n<meta property=\"og:locale\" content=\"ru_RU\" \/>\n<meta property=\"og:type\" content=\"article\" \/>\n<meta property=\"og:title\" content=\"\u0423\u0441\u043b\u0443\u0433\u0438 - Avena Kodumasinad\" \/>\n<meta property=\"og:description\" content=\"Pakume Teile transporditeenust: Tallinna piires 15.- \u20ac (majani) V\u00e4ljaspool Tallinna lisandub 0,50.- \u20ac \/ KM. eest Tallinna piires+tuppa toomine 25.- \u20ac Paigaldus: Pesumasinad hind alates 5.- \u20ac Pesukuivatid hind alates 10.- \u20ac N\u00f5udepesumasinad hind alates 20.- \u20ac Pliidid hind alates 10.- \u20ac Telefoni nr: 5101296 V\u00e4ljakutse Tallinnas 25.- Kohapeal Remondi t\u00f6\u00f6koda asub Kadaka tee 5\" \/>\n<meta property=\"og:url\" content=\"https:\/\/avenakodumasinad.ee\/ru\/%d1%83%d1%81%d0%bb%d1%83%d0%b3%d0%b8\/\" \/>\n<meta property=\"og:site_name\" content=\"Avena Kodumasinad\" \/>\n<meta property=\"article:modified_time\" content=\"2019-09-02T12:00:20+00:00\" \/>\n<meta name=\"twitter:card\" content=\"summary_large_image\" \/>\n<meta name=\"twitter:label1\" content=\"\u041f\u0440\u0438\u043c\u0435\u0440\u043d\u043e\u0435 \u0432\u0440\u0435\u043c\u044f \u0434\u043b\u044f \u0447\u0442\u0435\u043d\u0438\u044f\" \/>\n\t<meta name=\"twitter:data1\" content=\"2 \u043c\u0438\u043d\u0443\u0442\u044b\" \/>\n<script type=\"application\/ld+json\" class=\"yoast-schema-graph\">{\"@context\":\"https:\/\/schema.org\",\"@graph\":[{\"@type\":\"WebPage\",\"@id\":\"https:\/\/avenakodumasinad.ee\/ru\/%d1%83%d1%81%d0%bb%d1%83%d0%b3%d0%b8\/\",\"url\":\"https:\/\/avenakodumasinad.ee\/ru\/%d1%83%d1%81%d0%bb%d1%83%d0%b3%d0%b8\/\",\"name\":\"\u0423\u0441\u043b\u0443\u0433\u0438 - Avena Kodumasinad\",\"isPartOf\":{\"@id\":\"https:\/\/avenakodumasinad.ee\/ru\/#website\"},\"datePublished\":\"2015-10-30T14:25:43+00:00\",\"dateModified\":\"2019-09-02T12:00:20+00:00\",\"breadcrumb\":{\"@id\":\"https:\/\/avenakodumasinad.ee\/ru\/%d1%83%d1%81%d0%bb%d1%83%d0%b3%d0%b8\/#breadcrumb\"},\"inLanguage\":\"ru-RU\",\"potentialAction\":[{\"@type\":\"ReadAction\",\"target\":[\"https:\/\/avenakodumasinad.ee\/ru\/%d1%83%d1%81%d0%bb%d1%83%d0%b3%d0%b8\/\"]}]},{\"@type\":\"BreadcrumbList\",\"@id\":\"https:\/\/avenakodumasinad.ee\/ru\/%d1%83%d1%81%d0%bb%d1%83%d0%b3%d0%b8\/#breadcrumb\",\"itemListElement\":[{\"@type\":\"ListItem\",\"position\":1,\"name\":\"Home\",\"item\":\"https:\/\/avenakodumasinad.ee\/ru\/\"},{\"@type\":\"ListItem\",\"position\":2,\"name\":\"\u0423\u0441\u043b\u0443\u0433\u0438\"}]},{\"@type\":\"WebSite\",\"@id\":\"https:\/\/avenakodumasinad.ee\/ru\/#website\",\"url\":\"https:\/\/avenakodumasinad.ee\/ru\/\",\"name\":\"Avena Kodumasinad\",\"description\":\"Kasutatud kodumasinad Tallinnas\",\"potentialAction\":[{\"@type\":\"SearchAction\",\"target\":{\"@type\":\"EntryPoint\",\"urlTemplate\":\"https:\/\/avenakodumasinad.ee\/ru\/?s={search_term_string}\"},\"query-input\":{\"@type\":\"PropertyValueSpecification\",\"valueRequired\":true,\"valueName\":\"search_term_string\"}}],\"inLanguage\":\"ru-RU\"}]}<\/script>\n<!-- \/ Yoast SEO plugin. -->","yoast_head_json":{"title":"\u0423\u0441\u043b\u0443\u0433\u0438 - Avena Kodumasinad","robots":{"index":"index","follow":"follow","max-snippet":"max-snippet:-1","max-image-preview":"max-image-preview:large","max-video-preview":"max-video-preview:-1"},"canonical":"https:\/\/avenakodumasinad.ee\/ru\/%d1%83%d1%81%d0%bb%d1%83%d0%b3%d0%b8\/","og_locale":"ru_RU","og_type":"article","og_title":"\u0423\u0441\u043b\u0443\u0433\u0438 - Avena Kodumasinad","og_description":"Pakume Teile transporditeenust: Tallinna piires 15.- \u20ac (majani) V\u00e4ljaspool Tallinna lisandub 0,50.- \u20ac \/ KM. eest Tallinna piires+tuppa toomine 25.- \u20ac Paigaldus: Pesumasinad hind alates 5.- \u20ac Pesukuivatid hind alates 10.- \u20ac N\u00f5udepesumasinad hind alates 20.- \u20ac Pliidid hind alates 10.- \u20ac Telefoni nr: 5101296 V\u00e4ljakutse Tallinnas 25.- Kohapeal Remondi t\u00f6\u00f6koda asub Kadaka tee 5","og_url":"https:\/\/avenakodumasinad.ee\/ru\/%d1%83%d1%81%d0%bb%d1%83%d0%b3%d0%b8\/","og_site_name":"Avena Kodumasinad","article_modified_time":"2019-09-02T12:00:20+00:00","twitter_card":"summary_large_image","twitter_misc":{"\u041f\u0440\u0438\u043c\u0435\u0440\u043d\u043e\u0435 \u0432\u0440\u0435\u043c\u044f \u0434\u043b\u044f \u0447\u0442\u0435\u043d\u0438\u044f":"2 \u043c\u0438\u043d\u0443\u0442\u044b"},"schema":{"@context":"https:\/\/schema.org","@graph":[{"@type":"WebPage","@id":"https:\/\/avenakodumasinad.ee\/ru\/%d1%83%d1%81%d0%bb%d1%83%d0%b3%d0%b8\/","url":"https:\/\/avenakodumasinad.ee\/ru\/%d1%83%d1%81%d0%bb%d1%83%d0%b3%d0%b8\/","name":"\u0423\u0441\u043b\u0443\u0433\u0438 - Avena Kodumasinad","isPartOf":{"@id":"https:\/\/avenakodumasinad.ee\/ru\/#website"},"datePublished":"2015-10-30T14:25:43+00:00","dateModified":"2019-09-02T12:00:20+00:00","breadcrumb":{"@id":"https:\/\/avenakodumasinad.ee\/ru\/%d1%83%d1%81%d0%bb%d1%83%d0%b3%d0%b8\/#breadcrumb"},"inLanguage":"ru-RU","potentialAction":[{"@type":"ReadAction","target":["https:\/\/avenakodumasinad.ee\/ru\/%d1%83%d1%81%d0%bb%d1%83%d0%b3%d0%b8\/"]}]},{"@type":"BreadcrumbList","@id":"https:\/\/avenakodumasinad.ee\/ru\/%d1%83%d1%81%d0%bb%d1%83%d0%b3%d0%b8\/#breadcrumb","itemListElement":[{"@type":"ListItem","position":1,"name":"Home","item":"https:\/\/avenakodumasinad.ee\/ru\/"},{"@type":"ListItem","position":2,"name":"\u0423\u0441\u043b\u0443\u0433\u0438"}]},{"@type":"WebSite","@id":"https:\/\/avenakodumasinad.ee\/ru\/#website","url":"https:\/\/avenakodumasinad.ee\/ru\/","name":"Avena Kodumasinad","description":"Kasutatud kodumasinad Tallinnas","potentialAction":[{"@type":"SearchAction","target":{"@type":"EntryPoint","urlTemplate":"https:\/\/avenakodumasinad.ee\/ru\/?s={search_term_string}"},"query-input":{"@type":"PropertyValueSpecification","valueRequired":true,"valueName":"search_term_string"}}],"inLanguage":"ru-RU"}]}},"_links":{"self":[{"href":"https:\/\/avenakodumasinad.ee\/ru\/wp-json\/wp\/v2\/pages\/739","targetHints":{"allow":["GET"]}}],"collection":[{"href":"https:\/\/avenakodumasinad.ee\/ru\/wp-json\/wp\/v2\/pages"}],"about":[{"href":"https:\/\/avenakodumasinad.ee\/ru\/wp-json\/wp\/v2\/types\/page"}],"author":[{"embeddable":true,"href":"https:\/\/avenakodumasinad.ee\/ru\/wp-json\/wp\/v2\/users\/1"}],"replies":[{"embeddable":true,"href":"https:\/\/avenakodumasinad.ee\/ru\/wp-json\/wp\/v2\/comments?post=739"}],"version-history":[{"count":9,"href":"https:\/\/avenakodumasinad.ee\/ru\/wp-json\/wp\/v2\/pages\/739\/revisions"}],"predecessor-version":[{"id":16367,"href":"https:\/\/avenakodumasinad.ee\/ru\/wp-json\/wp\/v2\/pages\/739\/revisions\/16367"}],"wp:attachment":[{"href":"https:\/\/avenakodumasinad.ee\/ru\/wp-json\/wp\/v2\/media?parent=739"}],"curies":[{"name":"wp","href":"https:\/\/api.w.org\/{rel}","templated":true}]}}